{"id":2269,"date":"2016-07-24T06:10:35","date_gmt":"2016-07-24T04:10:35","guid":{"rendered":"http:\/\/localhost\/alm4\/fr\/?page_id=2269"},"modified":"2016-12-05T19:54:26","modified_gmt":"2016-12-05T18:54:26","slug":"nosprestation","status":"publish","type":"page","link":"https:\/\/alm-logistics.com\/fr\/nosprestation\/","title":{"rendered":"Nos Prestation"},"content":{"rendered":"<div class=\"wpb-content-wrapper\"><p>[vc_row full_width=\u00a0\u00bbstretch_row_content_no_spaces\u00a0\u00bb][vc_column][vc_single_image image=\u00a0\u00bb3680&Prime; img_size=\u00a0\u00bbfull\u00a0\u00bb][\/vc_column][\/vc_row][vc_row css=\u00a0\u00bb.vc_custom_1470977683588{padding-top: 15px !important;padding-bottom: 15px !important;}\u00a0\u00bb][vc_column][\/vc_column][\/vc_row][vc_row full_width=\u00a0\u00bbstretch_row\u00a0\u00bb css=\u00a0\u00bb.vc_custom_1472392582672{padding-top: 0px !important;padding-bottom: 0px !important;background-color: #e8e8e8 !important;}\u00a0\u00bb][vc_column][vc_row_inner][vc_column_inner width=\u00a0\u00bb1\/2&Prime;]<div class=\"aio-icon-component  vc_custom_1476297054106   style_3\"><div id=\"Info-box-wrap-5862\" class=\"aio-icon-box default-icon\" style=\"\"  ><div class=\"aio-icon-default\"><div class=\"ult-just-icon-wrapper  \"><div class=\"align-icon\" style=\"text-align:center;\">\n<div class=\"aio-icon-img \" style=\"font-size:100px;background:#7ec14d;display:inline-block;\" data-animation=\"bounceInLeft\" data-animation-delay=\"03\">\n\t<img decoding=\"async\" class=\"img-icon\" alt=\"null\" src=\"https:\/\/alm-logistics.com\/wp-content\/uploads\/2016\/07\/alm-servces.jpg\"\/>\n<\/div><\/div><\/div><\/div><div class=\"aio-icon-header\" ><h3 class=\"aio-icon-title ult-responsive\"  data-ultimate-target='#Info-box-wrap-5862 .aio-icon-title'  data-responsive-json-new='{\"font-size\":\"desktop:20px;tablet:16px;tablet_portrait:14px;\",\"line-height\":\"desktop:20px;tablet:18px;tablet_portrait:16px;\"}'  style=\"font-weight:bold;color:#0d538e;\">DEDOUANEMENT - TRANSIT \u2013 FRET &amp; LOGISTIQUE<\/h3><\/div> <!-- header --><div class=\"aio-icon-description ult-responsive\"  data-ultimate-target='#Info-box-wrap-5862 .aio-icon-description'  data-responsive-json-new='{\"font-size\":\"\",\"line-height\":\"\"}'  style=\"\"><\/p>\n<ul style=\"font-size: 16px; margin-top: -15px;\">\n<li><span style=\"color: #000000;\">IMPORT ET EXPORT : TRANSIT, DEDOUANEMENT ET LIVRAISON <\/span><\/li>\n<li><span style=\"color: #000000;\">FRET AERIEN, FRET MARITIME : CONTENEUR , RO\/RO , GROUPAGE<\/span><\/li>\n<li><span style=\"color: #000000;\">TRANSPORT TERRESTRE \u2013 CAMIONNAGE &amp; RAIL <\/span><\/li>\n<li><span style=\"color: #000000;\">RE-ACHEMINEMENT &amp; MISE EN TRANSIT \u2013NIGER \u2013 BURKINA <\/span><\/li>\n<li><span style=\"color: #000080;\">SOLUTIONS DDP ET DDU \/ RENDU DOMICILE<\/span><\/li>\n<li><span style=\"color: #000000;\">GROUPAGE et DEGROUPAGE (LCL\/LCL)<\/span><\/li>\n<li><span style=\"color: #000000;\">ORGANISATION DE TRANSPORT BOUT-EN-BOUT <\/span><\/li>\n<li><span style=\"color: #000000;\">MAGASINAGE <\/span><\/li>\n<li><span style=\"color: #000000;\">DEMENAGEMENT <\/span><\/li>\n<\/ul>\n<p><\/div> <!-- description --><\/div> <!-- aio-icon-box --><\/div> <!-- aio-icon-component -->[\/vc_column_inner][vc_column_inner width=\u00a0\u00bb1\/2&Prime;]<div class=\"aio-icon-component  vc_custom_1476297294077   style_3\"><div id=\"Info-box-wrap-1445\" class=\"aio-icon-box default-icon\" style=\"\"  ><div class=\"aio-icon-default\"><div class=\"ult-just-icon-wrapper  \"><div class=\"align-icon\" style=\"text-align:center;\">\n<div class=\"aio-icon-img \" style=\"font-size:100px;background:#7ec14d;display:inline-block;\" data-animation=\"bounceInUp\" data-animation-delay=\"03\">\n\t<img decoding=\"async\" class=\"img-icon\" alt=\"null\" src=\"https:\/\/alm-logistics.com\/wp-content\/uploads\/2016\/07\/alm-servces.jpg\"\/>\n<\/div><\/div><\/div><\/div><div class=\"aio-icon-header\" ><h3 class=\"aio-icon-title ult-responsive\"  data-ultimate-target='#Info-box-wrap-1445 .aio-icon-title'  data-responsive-json-new='{\"font-size\":\"desktop:20px;\",\"line-height\":\"desktop:22px;\"}'  style=\"font-weight:bold;\">CONSIGNATION &amp; SERVICES MARITIME<\/h3><\/div> <!-- header --><div class=\"aio-icon-description ult-responsive\"  data-ultimate-target='#Info-box-wrap-1445 .aio-icon-description'  data-responsive-json-new='{\"font-size\":\"\",\"line-height\":\"\"}'  style=\"\"><\/p>\n<ul style=\"font-size: 16px; margin-top: -15px;\">\n<li><span style=\"color: #000000;\">DEDOUANEMENT ET LIVRAISON DE PIECES DE RECHANGE DE L\u2019AEROPORT AU NAVIRE .<\/span><\/li>\n<li><span style=\"color: #000000;\">RELEVAGE D\u2019EQUIPAGE DE NAVIRE <\/span><\/li>\n<li><span style=\"color: #ff6600;\"><span style=\"color: #000080;\">FORMALITES D\u2019IMMIGRATION \/ DOUANE \/ EXTENSION DE VISAS<\/span> <\/span><\/li>\n<li><span style=\"color: #000000;\">FORMALITES OKTB \/ MEET &amp; GREET \u2013 ACCUEIL <\/span><\/li>\n<li><span style=\"color: #000000;\">HEBERGEMENT<\/span><\/li>\n<li><span style=\"color: #000000;\">SHIPPING AGENCY <\/span><\/li>\n<\/ul>\n<p><\/div> <!-- description --><\/div> <!-- aio-icon-box --><\/div> <!-- aio-icon-component -->[\/vc_column_inner][\/vc_row_inner][vc_row_inner][vc_column_inner width=\u00a0\u00bb1\/2&Prime;]<div class=\"aio-icon-component  vc_custom_1480963691141   style_3\"><div id=\"Info-box-wrap-4862\" class=\"aio-icon-box default-icon\" style=\"\"  ><div class=\"aio-icon-default\"><div class=\"ult-just-icon-wrapper  \"><div class=\"align-icon\" style=\"text-align:center;\">\n<div class=\"aio-icon-img \" style=\"font-size:100px;background:#7ec14d;display:inline-block;\" data-animation=\"bounceInLeft\" data-animation-delay=\"03\">\n\t<img decoding=\"async\" class=\"img-icon\" alt=\"null\" src=\"https:\/\/alm-logistics.com\/wp-content\/uploads\/2016\/07\/alm-servces.jpg\"\/>\n<\/div><\/div><\/div><\/div><div class=\"aio-icon-header\" ><h3 class=\"aio-icon-title ult-responsive\"  data-ultimate-target='#Info-box-wrap-4862 .aio-icon-title'  data-responsive-json-new='{\"font-size\":\"desktop:20px;tablet:16px;tablet_portrait:14px;\",\"line-height\":\"desktop:20px;tablet:18px;tablet_portrait:16px;\"}'  style=\"font-weight:bold;color:#0d538e;\">LOGISTIQUE DES PROJETS <\/h3><\/div> <!-- header --><div class=\"aio-icon-description ult-responsive\"  data-ultimate-target='#Info-box-wrap-4862 .aio-icon-description'  data-responsive-json-new='{\"font-size\":\"\",\"line-height\":\"\"}'  style=\"\"><\/p>\n<ul style=\"font-size: 16px; margin-top: -15px;\">\n<li><span style=\"color: #000000;\">MATERIEL DE PROJETS MINIERS ET D\u2019INFRASTRUCTURES. <\/span><\/li>\n<li><span style=\"color: #000000;\">CHARGEMENTS SPECIAUX (HORS GABARIT, IMO, DANGEREUX ). <\/span><\/li>\n<li><span style=\"color: #000000;\">SOUS REGIME DOUANIERS SPECIAUX : TEMPORAIRE, EXONERATION&#8230; <\/span><\/li>\n<\/ul>\n<p><\/div> <!-- description --><\/div> <!-- aio-icon-box --><\/div> <!-- aio-icon-component -->[\/vc_column_inner][vc_column_inner width=\u00a0\u00bb1\/2&Prime;]<div class=\"aio-icon-component  vc_custom_1476297416208   style_3\"><div id=\"Info-box-wrap-4230\" class=\"aio-icon-box default-icon\" style=\"\"  ><div class=\"aio-icon-default\"><div class=\"ult-just-icon-wrapper  \"><div class=\"align-icon\" style=\"text-align:center;\">\n<div class=\"aio-icon-img \" style=\"font-size:100px;background:#7ec14d;display:inline-block;\" data-animation=\"bounceInUp\" data-animation-delay=\"03\">\n\t<img decoding=\"async\" class=\"img-icon\" alt=\"null\" src=\"https:\/\/alm-logistics.com\/wp-content\/uploads\/2016\/07\/alm-servces.jpg\"\/>\n<\/div><\/div><\/div><\/div><div class=\"aio-icon-header\" ><h3 class=\"aio-icon-title ult-responsive\"  data-ultimate-target='#Info-box-wrap-4230 .aio-icon-title'  data-responsive-json-new='{\"font-size\":\"desktop:20px;\",\"line-height\":\"desktop:22px;\"}'  style=\"font-weight:bold;\">CONSULTATION ET REPRESENTATION <\/h3><\/div> <!-- header --><div class=\"aio-icon-description ult-responsive\"  data-ultimate-target='#Info-box-wrap-4230 .aio-icon-description'  data-responsive-json-new='{\"font-size\":\"\",\"line-height\":\"\"}'  style=\"\"><\/p>\n<ul style=\"font-size: 16px; margin-top: -15px;\">\n<li><span style=\"color: #000000;\">REPRESENTATION NVOCC<\/span><\/li>\n<li><span style=\"color: #000000;\">AGENCE MARITIME <\/span><\/li>\n<li><span style=\"color: #000000;\">CONSULTATION ET ETUDE DE MARCHE <\/span><\/li>\n<\/ul>\n<p><\/div> <!-- description --><\/div> <!-- aio-icon-box --><\/div> <!-- aio-icon-component -->[\/vc_column_inner][\/vc_row_inner][\/vc_column][\/vc_row][vc_row][vc_column width=\u00a0\u00bb1\/2&Prime;][vc_custom_heading stripe_pos=\u00a0\u00bbhide\u00a0\u00bb text=\u00a0\u00bbNOS ATOUTS \u00a0\u00bb font_container=\u00a0\u00bbtag:h4|text_align:left\u00a0\u00bb][vc_column_text]<span style=\"color: #000000; font-size: 18px;\">&#8211; Commissionnaire en douane agr\u00e9\u00e9 par la douane b\u00e9ninoise <\/span><br \/>\n<span style=\"color: #000000; font-size: 18px;\">avec une \u00e9quipe sp\u00e9cialis\u00e9e dans la documentation portuaire et le Shipping. Vous pouvez nous consulter pour comprendre les r\u00e8gles douani\u00e8res, les notifications et proc\u00e9dures lorsque vous exportez ou importez.<\/span><br \/>\n<span style=\"color: #000000; font-size: 18px;\"> &#8211; Connaissance ma\u00eetris\u00e9e de l\u2019environnement ouest africain .<\/span><br \/>\n<span style=\"color: #000000; font-size: 18px;\"> &#8211; R\u00e9seau de partenaires dynamiques en Afrique , en Europe et en Asie .<\/span><br \/>\n<span style=\"color: #000000; font-size: 18px;\"> &#8211; Tr\u00e8s bon relationnel avec les acteurs portuaires et les institutions administratives et r\u00e9glementaires. <\/span><br \/>\n<span style=\"color: #000000; font-size: 18px;\"> &#8211; Syst\u00e8me de management de la qualit\u00e9 pour une am\u00e9lioration continue. .<\/span><br \/>\n<span style=\"color: #000000; font-size: 18px;\"> &#8211; Ecoute et ouverture aux suggestions et demandes d\u2019am\u00e9lioration de nos clients.<\/span><br \/>\n<span style=\"color: #000000; font-size: 18px;\"> &#8211; Pr\u00e9sence dans le r\u00e9seau portuaire et contacts r\u00e9guliers avec nos clients<\/span>[\/vc_column_text][\/vc_column][vc_column width=\u00a0\u00bb1\/2&Prime;][vc_empty_space height=\u00a0\u00bb10px\u00a0\u00bb][vc_media_grid style=\u00a0\u00bbload-more\u00a0\u00bb items_per_page=\u00a0\u00bb6&Prime; btn_title=\u00a0\u00bb+ images\u00a0\u00bb grid_id=\u00a0\u00bbvc_gid:1480963851616-414adc5f-912c-7&Prime; include=\u00a0\u00bb3698,3702,3701,3700,3699,3697,3696,3695,3694,3693,3692,3691,3690,3689,3688,3687&Prime; btn_add_icon=\u00a0\u00bbtrue\u00a0\u00bb][\/vc_column][\/vc_row]<\/p>\n<\/div>","protected":false},"excerpt":{"rendered":"<p>[vc_row full_width=\u00a0\u00bbstretch_row_content_no_spaces\u00a0\u00bb][vc_column][vc_single_image image=\u00a0\u00bb3680&Prime; img_size=\u00a0\u00bbfull\u00a0\u00bb][\/vc_column][\/vc_row][vc_row css=\u00a0\u00bb.vc_custom_1470977683588{padding-top: 15px !important;padding-bottom: 15px !important;}\u00a0\u00bb][vc_column][\/vc_column][\/vc_row][vc_row full_width=\u00a0\u00bbstretch_row\u00a0\u00bb css=\u00a0\u00bb.vc_custom_1472392582672{padding-top: 0px !important;padding-bottom: 0px !important;background-color: #e8e8e8 !important;}\u00a0\u00bb][vc_column][vc_row_inner][vc_column_inner width=\u00a0\u00bb1\/2&Prime;][\/vc_column_inner][vc_column_inner width=\u00a0\u00bb1\/2&Prime;][\/vc_column_inner][\/vc_row_inner][vc_row_inner][vc_column_inner width=\u00a0\u00bb1\/2&Prime;][\/vc_column_inner][vc_column_inner width=\u00a0\u00bb1\/2&Prime;][\/vc_column_inner][\/vc_row_inner][\/vc_column][\/vc_row][vc_row][vc_column width=\u00a0\u00bb1\/2&Prime;][vc_custom_heading stripe_pos=\u00a0\u00bbhide\u00a0\u00bb text=\u00a0\u00bbNOS ATOUTS \u00a0\u00bb font_container=\u00a0\u00bbtag:h4|text_align:left\u00a0\u00bb][vc_column_text]&#8211; Commissionnaire en douane agr\u00e9\u00e9 par la douane b\u00e9ninoise avec une \u00e9quipe sp\u00e9cialis\u00e9e dans la documentation portuaire et le Shipping. Vous pouvez nous consulter pour comprendre les r\u00e8gles douani\u00e8res,<\/p>\n","protected":false},"author":1,"featured_media":0,"parent":0,"menu_order":0,"comment_status":"closed","ping_status":"closed","template":"","meta":{"footnotes":""},"class_list":["post-2269","page","type-page","status-publish","hentry"],"_links":{"self":[{"href":"https:\/\/alm-logistics.com\/fr\/wp-json\/wp\/v2\/pages\/2269","targetHints":{"allow":["GET"]}}],"collection":[{"href":"https:\/\/alm-logistics.com\/fr\/wp-json\/wp\/v2\/pages"}],"about":[{"href":"https:\/\/alm-logistics.com\/fr\/wp-json\/wp\/v2\/types\/page"}],"author":[{"embeddable":true,"href":"https:\/\/alm-logistics.com\/fr\/wp-json\/wp\/v2\/users\/1"}],"replies":[{"embeddable":true,"href":"https:\/\/alm-logistics.com\/fr\/wp-json\/wp\/v2\/comments?post=2269"}],"version-history":[{"count":15,"href":"https:\/\/alm-logistics.com\/fr\/wp-json\/wp\/v2\/pages\/2269\/revisions"}],"predecessor-version":[{"id":3752,"href":"https:\/\/alm-logistics.com\/fr\/wp-json\/wp\/v2\/pages\/2269\/revisions\/3752"}],"wp:attachment":[{"href":"https:\/\/alm-logistics.com\/fr\/wp-json\/wp\/v2\/media?parent=2269"}],"curies":[{"name":"wp","href":"https:\/\/api.w.org\/{rel}","templated":true}]}}