{"id":2258,"date":"2016-07-24T05:34:45","date_gmt":"2016-07-24T03:34:45","guid":{"rendered":"http:\/\/localhost\/alm4\/fr\/?page_id=2258"},"modified":"2016-12-05T19:43:05","modified_gmt":"2016-12-05T18:43:05","slug":"nos-valeurs-2","status":"publish","type":"page","link":"https:\/\/alm-logistics.com\/fr\/nos-valeurs-2\/","title":{"rendered":"Nos Solution Int\u00e9gr\u00e9\u00e9s"},"content":{"rendered":"<div class=\"wpb-content-wrapper\"><p>[vc_row full_width=\u00a0\u00bbstretch_row_content_no_spaces\u00a0\u00bb][vc_column][vc_single_image image=\u00a0\u00bb3682&Prime; img_size=\u00a0\u00bbfull\u00a0\u00bb alignment=\u00a0\u00bbcenter\u00a0\u00bb css=\u00a0\u00bb.vc_custom_1477030167272{padding-top: 15px !important;padding-bottom: 15px !important;}\u00a0\u00bb][\/vc_column][\/vc_row][vc_row][vc_column width=\u00a0\u00bb1\/2&Prime;][vc_custom_heading text=\u00a0\u00bbNos solutions int\u00e9gr\u00e9es \u00a0\u00bb font_container=\u00a0\u00bbtag:h4|text_align:left\u00a0\u00bb use_theme_fonts=\u00a0\u00bbyes\u00a0\u00bb][vc_column_text css=\u00a0\u00bb.vc_custom_1476939839344{padding-top: 10px !important;padding-right: 10px !important;padding-bottom: 10px !important;padding-left: 10px !important;background-color: #f2f2f2 !important;}\u00a0\u00bb]<span style=\"color: #000000; font-size: 18px;\">Nos prestations logistiques am\u00e9liorent votre comp\u00e9titivit\u00e9 et votre rentabilit\u00e9.<br \/>\nNous vous permettons d\u2019\u00eatre plus comp\u00e9titifs en vous mettant en place des solutions logistiques sur mesures, adapt\u00e9es aux sp\u00e9cificit\u00e9s de chaque secteur d\u2019activit\u00e9. Ainsi, pour mieux r\u00e9pondre \u00e0 vos besoins nous nous \u00e9vertuons \u00e0 :<br \/>\n-Offrir un service personnalis\u00e9, dynamique et normatif<br \/>\n-Int\u00e9grer la chaine d\u2019approvisionnement de nos clients \/ partenaires et accompagner l\u2019\u00e9volution de leurs besoins par un service professionnel<br \/>\n-Assister et appuyer les compagnies \u00e9trang\u00e8res ou internationales en Afrique en mati\u00e8re logistique <\/span><\/p>\n<p>[\/vc_column_text]<div class=\"aio-icon-component    style_3\"><div id=\"Info-box-wrap-7361\" class=\"aio-icon-box default-icon\" style=\"\"  ><div class=\"aio-icon-default\"><div class=\"ult-just-icon-wrapper  \"><div class=\"align-icon\" style=\"text-align:center;\">\n<div class=\"aio-icon-img \" style=\"font-size:100px;background:#ffffff;border-style:solid;border-color:#ffffff;border-width:2px;padding:10px;border-radius:100px;display:inline-block;\" >\n\t<img decoding=\"async\" class=\"img-icon\" alt=\"null\" src=\"https:\/\/alm-logistics.com\/wp-content\/uploads\/2016\/07\/scaque.jpg\"\/>\n<\/div><\/div><\/div><\/div><div class=\"aio-icon-header\" ><h3 class=\"aio-icon-title ult-responsive\"  data-ultimate-target='#Info-box-wrap-7361 .aio-icon-title'  data-responsive-json-new='{\"font-size\":\"\",\"line-height\":\"\"}'  style=\"\">LIVRAISON PIECES ET MATERIELS SUR NAVIRES<\/h3><\/div> <!-- header --><div class=\"aio-icon-description ult-responsive\"  data-ultimate-target='#Info-box-wrap-7361 .aio-icon-description'  data-responsive-json-new='{\"font-size\":\"\",\"line-height\":\"\"}'  style=\"\"><span style=\"color: #000000; font-size: 18px;\">D\u00e9douanement et livraison de Pi\u00e8ces de rechange pour les navires allant directement de l\u2019a\u00e9roport , \u00e0 bord des navires . Nous Coordonnons tout ceci avec l&rsquo;agent du navire agissant sur votre instruction avec une connexion \u00e0 temps au navire au port de Cotonou<\/span><\/div> <!-- description --><\/div> <!-- aio-icon-box --><\/div> <!-- aio-icon-component --><div class=\"aio-icon-component    style_3\"><div id=\"Info-box-wrap-7385\" class=\"aio-icon-box default-icon\" style=\"\"  ><div class=\"aio-icon-default\"><div class=\"ult-just-icon-wrapper  \"><div class=\"align-icon\" style=\"text-align:center;\">\n<div class=\"aio-icon-img \" style=\"font-size:100px;background:#ffffff;border-style:solid;border-color:#ffffff;border-width:2px;padding:10px;border-radius:100px;display:inline-block;\" >\n\t<img decoding=\"async\" class=\"img-icon\" alt=\"null\" src=\"https:\/\/alm-logistics.com\/wp-content\/uploads\/2016\/07\/project-1.jpg\"\/>\n<\/div><\/div><\/div><\/div><div class=\"aio-icon-header\" ><h3 class=\"aio-icon-title ult-responsive\"  data-ultimate-target='#Info-box-wrap-7385 .aio-icon-title'  data-responsive-json-new='{\"font-size\":\"\",\"line-height\":\"\"}'  style=\"\">MATERIELS POUR PROJETS ET CARGAISON SPECIAUX<\/h3><\/div> <!-- header --><div class=\"aio-icon-description ult-responsive\"  data-ultimate-target='#Info-box-wrap-7385 .aio-icon-description'  data-responsive-json-new='{\"font-size\":\"\",\"line-height\":\"\"}'  style=\"\"><span style=\"color: #000000; font-size: 18px;\">Nous maitrisons les formalit\u00e9s adapt\u00e9es \u00e0 la douane <\/span><\/p>\n<ul style=\"font-size: 16px; margin-top: -15px;\">\n<li><span style=\"color: #000000; font-size: 18px;\">Des mat\u00e9riels de projet import\u00e9s par voies maritimes, a\u00e9rienne et terrestre . <\/span><\/li>\n<li><span style=\"color: #000000; font-size: 18px;\">Des chargements hors gabarit , produits dangereux .<\/span><\/li>\n<li><span style=\"color: #000000; font-size: 18px;\">Des chargements sp\u00e9ciaux , temporaires ou d\u00e9finitifs li\u00e9s \u00e0 un projet.<\/span><\/li>\n<\/ul>\n<p><\/div> <!-- description --><\/div> <!-- aio-icon-box --><\/div> <!-- aio-icon-component --><div class=\"aio-icon-component    style_3\"><div id=\"Info-box-wrap-5368\" class=\"aio-icon-box default-icon\" style=\"\"  ><div class=\"aio-icon-default\"><div class=\"ult-just-icon-wrapper  \"><div class=\"align-icon\" style=\"text-align:center;\">\n<div class=\"aio-icon-img \" style=\"font-size:100px;background:#ffffff;border-style:solid;border-color:#ffffff;border-width:2px;padding:10px;border-radius:100px;display:inline-block;\" >\n\t<img decoding=\"async\" class=\"img-icon\" alt=\"null\" src=\"https:\/\/alm-logistics.com\/wp-content\/uploads\/2016\/07\/esportcommd.jpg\"\/>\n<\/div><\/div><\/div><\/div><div class=\"aio-icon-header\" ><h3 class=\"aio-icon-title ult-responsive\"  data-ultimate-target='#Info-box-wrap-5368 .aio-icon-title'  data-responsive-json-new='{\"font-size\":\"\",\"line-height\":\"\"}'  style=\"\">DEDOUANEMENT &amp; DOCUMENTATION PRODUITS TROPICAUX A L\u2019EXPORT <\/h3><\/div> <!-- header --><div class=\"aio-icon-description ult-responsive\"  data-ultimate-target='#Info-box-wrap-5368 .aio-icon-description'  data-responsive-json-new='{\"font-size\":\"\",\"line-height\":\"\"}'  style=\"\"><\/p>\n<ul style=\"font-size: 18px; margin-top: -15px;\">\n<li><span style=\"color: #000000; font-size: 18px;\">Douane et documentation export pour les produits tropicaux tels : Le coton, le soja , la noix de cajou.. <\/span><\/li>\n<\/ul>\n<p><\/div> <!-- description --><\/div> <!-- aio-icon-box --><\/div> <!-- aio-icon-component -->[\/vc_column][vc_column width=\u00a0\u00bb1\/2&Prime;]<div class=\"aio-icon-component    style_3\"><div id=\"Info-box-wrap-7471\" class=\"aio-icon-box default-icon\" style=\"\"  ><div class=\"aio-icon-default\"><div class=\"ult-just-icon-wrapper  \"><div class=\"align-icon\" style=\"text-align:center;\">\n<div class=\"aio-icon-img \" style=\"font-size:100px;background:#ffffff;border-style:solid;border-color:#ffffff;border-width:2px;padding:10px;border-radius:100px;display:inline-block;\" >\n\t<img decoding=\"async\" class=\"img-icon\" alt=\"null\" src=\"https:\/\/alm-logistics.com\/wp-content\/uploads\/2016\/07\/customs.jpg\"\/>\n<\/div><\/div><\/div><\/div><div class=\"aio-icon-header\" ><h3 class=\"aio-icon-title ult-responsive\"  data-ultimate-target='#Info-box-wrap-7471 .aio-icon-title'  data-responsive-json-new='{\"font-size\":\"\",\"line-height\":\"\"}'  style=\"\">DEDOUANEMENT IMPORT EXPORT <\/h3><\/div> <!-- header --><div class=\"aio-icon-description ult-responsive\"  data-ultimate-target='#Info-box-wrap-7471 .aio-icon-description'  data-responsive-json-new='{\"font-size\":\"\",\"line-height\":\"\"}'  style=\"\"><\/p>\n<ul style=\"font-size: 16px; margin-top: -15px;\">\n<li><span style=\"color: #000000; font-size: 18px;\">PAR VOIE AERIENNE , MARITIME ET TERRESTRE.<\/span><\/li>\n<li><span style=\"color: #000000; font-size: 18px;\">CONTENEUR , VRAC , GROUPAGE , RO\/RO . <\/span><\/li>\n<\/ul>\n<p><\/div> <!-- description --><\/div> <!-- aio-icon-box --><\/div> <!-- aio-icon-component --><div class=\"aio-icon-component    style_3\"><div id=\"Info-box-wrap-5076\" class=\"aio-icon-box default-icon\" style=\"\"  ><div class=\"aio-icon-default\"><div class=\"ult-just-icon-wrapper  \"><div class=\"align-icon\" style=\"text-align:center;\">\n<div class=\"aio-icon-img \" style=\"font-size:100px;background:#ffffff;border-style:solid;border-color:#ffffff;border-width:2px;padding:10px;border-radius:100px;display:inline-block;\" >\n\t<img decoding=\"async\" class=\"img-icon\" alt=\"null\" src=\"https:\/\/alm-logistics.com\/wp-content\/uploads\/2016\/07\/transport-1.jpg\"\/>\n<\/div><\/div><\/div><\/div><div class=\"aio-icon-header\" ><h3 class=\"aio-icon-title ult-responsive\"  data-ultimate-target='#Info-box-wrap-5076 .aio-icon-title'  data-responsive-json-new='{\"font-size\":\"\",\"line-height\":\"\"}'  style=\"\">ORGANISATION DE TRANSPORT <\/h3><\/div> <!-- header --><div class=\"aio-icon-description ult-responsive\"  data-ultimate-target='#Info-box-wrap-5076 .aio-icon-description'  data-responsive-json-new='{\"font-size\":\"\",\"line-height\":\"\"}'  style=\"\"><\/p>\n<ul>\n<li><span style=\"color: #000000; font-size: 18px;\">Nous intervenons \u00e0 tous les niveaux de votre incoterm. <\/span><\/li>\n<li><span style=\"color: #000000; font-size: 18px;\">Du service Bout- en- bout \u00e0 la livraison DDP ou DDU<\/span><\/li>\n<li><span style=\"color: #000000; font-size: 18px;\">Transport local et international <\/span><\/li>\n<li><span style=\"color: #000000; font-size: 18px;\">Fret maritime , fret a\u00e9rien , transport terrestre <\/span><\/li>\n<\/ul>\n<p><\/div> <!-- description --><\/div> <!-- aio-icon-box --><\/div> <!-- aio-icon-component --><div class=\"aio-icon-component    style_3\"><div id=\"Info-box-wrap-4660\" class=\"aio-icon-box default-icon\" style=\"\"  ><div class=\"aio-icon-default\"><div class=\"ult-just-icon-wrapper  \"><div class=\"align-icon\" style=\"text-align:center;\">\n<div class=\"aio-icon-img \" style=\"font-size:100px;background:#ffffff;border-style:solid;border-color:#ffffff;border-width:2px;padding:10px;border-radius:100px;display:inline-block;\" >\n\t<img decoding=\"async\" class=\"img-icon\" alt=\"null\" src=\"https:\/\/alm-logistics.com\/wp-content\/uploads\/2016\/07\/revolte.jpg\"\/>\n<\/div><\/div><\/div><\/div><div class=\"aio-icon-header\" ><h3 class=\"aio-icon-title ult-responsive\"  data-ultimate-target='#Info-box-wrap-4660 .aio-icon-title'  data-responsive-json-new='{\"font-size\":\"\",\"line-height\":\"\"}'  style=\"\">LE DEMENAGEMENT <\/h3><\/div> <!-- header --><div class=\"aio-icon-description ult-responsive\"  data-ultimate-target='#Info-box-wrap-4660 .aio-icon-description'  data-responsive-json-new='{\"font-size\":\"\",\"line-height\":\"\"}'  style=\"\"><span style=\"color: #000000; font-size: 18px;\">Partenaire du groupe fran\u00e7ais \u2018\u2019, LES 3 DEMENAGEURS \u2018\u2019 nous assurons au d\u00e9part et \u00e0 l\u2019arriv\u00e9e sur le Benin , le Niger, le Togo , le Burkina Faso la livraison, l\u2019emballage et l\u2019exp\u00e9dition de vos effets personnels . <\/span><\/div> <!-- description --><\/div> <!-- aio-icon-box --><\/div> <!-- aio-icon-component --><div class=\"aio-icon-component    style_3\"><div id=\"Info-box-wrap-9439\" class=\"aio-icon-box left-icon\" style=\"\"  ><div class=\"aio-icon-left\"><div class=\"ult-just-icon-wrapper  \"><div class=\"align-icon\" style=\"text-align:center;\">\n<div class=\"aio-icon-img \" style=\"font-size:100px;background:#ffffff;border-style:solid;border-color:#ffffff;border-width:2px;padding:10px;border-radius:100px;display:inline-block;\" >\n\t<img decoding=\"async\" class=\"img-icon\" alt=\"null\" src=\"https:\/\/alm-logistics.com\/wp-content\/uploads\/2016\/07\/land.jpg\"\/>\n<\/div><\/div><\/div><\/div><div class=\"aio-ibd-block\"><div class=\"aio-icon-header\" ><h3 class=\"aio-icon-title ult-responsive\"  data-ultimate-target='#Info-box-wrap-9439 .aio-icon-title'  data-responsive-json-new='{\"font-size\":\"\",\"line-height\":\"\"}'  style=\"\">REACHEMINEMENT SUR PAYS ENCLAVES ET EXTRA FRONTIERES<\/h3><\/div> <!-- header --><div class=\"aio-icon-description ult-responsive\"  data-ultimate-target='#Info-box-wrap-9439 .aio-icon-description'  data-responsive-json-new='{\"font-size\":\"\",\"line-height\":\"\"}'  style=\"\"><span style=\"color: #000000; font-size: 18px;\">A partir du port de Cotonou et de Lom\u00e9 nous livrons vos mat\u00e9riels et marchandises au Niger , au Burkina-Faso et autres pays environnant . <\/span><\/div> <!-- description --><\/div> <!-- aio-ibd-block --><\/div> <!-- aio-icon-box --><\/div> <!-- aio-icon-component -->[\/vc_column][vc_column][stm_spacing lg_spacing=\u00a0\u00bb10&Prime; md_spacing=\u00a0\u00bb5&Prime; sm_spacing=\u00a0\u00bb5&Prime;][\/vc_column][\/vc_row][vc_row][vc_column][vc_column_text][\/vc_column_text][\/vc_column][\/vc_row]<\/p>\n<\/div>","protected":false},"excerpt":{"rendered":"<p>[vc_row full_width=\u00a0\u00bbstretch_row_content_no_spaces\u00a0\u00bb][vc_column][vc_single_image image=\u00a0\u00bb3682&Prime; img_size=\u00a0\u00bbfull\u00a0\u00bb alignment=\u00a0\u00bbcenter\u00a0\u00bb css=\u00a0\u00bb.vc_custom_1477030167272{padding-top: 15px !important;padding-bottom: 15px !important;}\u00a0\u00bb][\/vc_column][\/vc_row][vc_row][vc_column width=\u00a0\u00bb1\/2&Prime;][vc_custom_heading text=\u00a0\u00bbNos solutions int\u00e9gr\u00e9es \u00a0\u00bb font_container=\u00a0\u00bbtag:h4|text_align:left\u00a0\u00bb use_theme_fonts=\u00a0\u00bbyes\u00a0\u00bb][vc_column_text css=\u00a0\u00bb.vc_custom_1476939839344{padding-top: 10px !important;padding-right: 10px !important;padding-bottom: 10px !important;padding-left: 10px !important;background-color: #f2f2f2 !important;}\u00a0\u00bb]Nos prestations logistiques am\u00e9liorent votre comp\u00e9titivit\u00e9 et votre rentabilit\u00e9. Nous vous permettons d\u2019\u00eatre plus comp\u00e9titifs en vous mettant en place des solutions logistiques sur mesures, adapt\u00e9es aux sp\u00e9cificit\u00e9s<\/p>\n","protected":false},"author":1,"featured_media":0,"parent":0,"menu_order":0,"comment_status":"closed","ping_status":"closed","template":"","meta":{"footnotes":""},"class_list":["post-2258","page","type-page","status-publish","hentry"],"_links":{"self":[{"href":"https:\/\/alm-logistics.com\/fr\/wp-json\/wp\/v2\/pages\/2258","targetHints":{"allow":["GET"]}}],"collection":[{"href":"https:\/\/alm-logistics.com\/fr\/wp-json\/wp\/v2\/pages"}],"about":[{"href":"https:\/\/alm-logistics.com\/fr\/wp-json\/wp\/v2\/types\/page"}],"author":[{"embeddable":true,"href":"https:\/\/alm-logistics.com\/fr\/wp-json\/wp\/v2\/users\/1"}],"replies":[{"embeddable":true,"href":"https:\/\/alm-logistics.com\/fr\/wp-json\/wp\/v2\/comments?post=2258"}],"version-history":[{"count":15,"href":"https:\/\/alm-logistics.com\/fr\/wp-json\/wp\/v2\/pages\/2258\/revisions"}],"predecessor-version":[{"id":3749,"href":"https:\/\/alm-logistics.com\/fr\/wp-json\/wp\/v2\/pages\/2258\/revisions\/3749"}],"wp:attachment":[{"href":"https:\/\/alm-logistics.com\/fr\/wp-json\/wp\/v2\/media?parent=2258"}],"curies":[{"name":"wp","href":"https:\/\/api.w.org\/{rel}","templated":true}]}}