{"id":1810,"date":"2016-07-15T06:53:15","date_gmt":"2016-07-15T04:53:15","guid":{"rendered":"http:\/\/localhost\/alm4\/fr\/?page_id=1810"},"modified":"2016-11-21T05:46:56","modified_gmt":"2016-11-21T04:46:56","slug":"accuel","status":"publish","type":"page","link":"https:\/\/alm-logistics.com\/fr\/","title":{"rendered":"ACCUEL"},"content":{"rendered":"<div class=\"wpb-content-wrapper\"><p>[vc_row full_width=\u00a0\u00bbstretch_row\u00a0\u00bb css=\u00a0\u00bb.vc_custom_1469041173460{margin-top: 1px !important;margin-right: 1px !important;margin-left: 1px !important;border-top-width: 1px !important;border-right-width: 1px !important;border-left-width: 1px !important;padding-top: 1px !important;padding-right: 1px !important;padding-bottom: 1px !important;padding-left: 1px !important;border-left-style: solid !important;border-right-style: solid !important;border-top-style: solid !important;}\u00a0\u00bb][vc_column]\n\t\t\t<!-- START francais14 REVOLUTION SLIDER 6.7.34 --><p class=\"rs-p-wp-fix\"><\/p>\n\t\t\t<rs-module-wrap id=\"rev_slider_13_1_wrapper\" data-source=\"gallery\" style=\"visibility:hidden;background:transparent;padding:0;margin:0px auto;margin-top:0;margin-bottom:0;\">\n\t\t\t\t<rs-module id=\"rev_slider_13_1\" style=\"\" data-version=\"6.7.34\">\n\t\t\t\t\t<rs-slides style=\"overflow: hidden; position: absolute;\">\n\t\t\t\t\t\t<rs-slide style=\"position: absolute;\" data-key=\"rs-38\" data-title=\"Slide\" data-thumb=\"\/\/alm-logistics.com\/wp-content\/uploads\/2016\/09\/alm-slide5-100x50.jpg\" data-anim=\"adpr:false;\">\n\t\t\t\t\t\t\t<img decoding=\"async\" src=\"\/\/alm-logistics.com\/wp-content\/plugins\/revslider\/sr6\/assets\/assets\/dummy.png\" alt=\"\" title=\"ACCUEL\" class=\"rev-slidebg tp-rs-img rs-lazyload\" data-lazyload=\"\/\/alm-logistics.com\/wp-content\/uploads\/2016\/09\/alm-slide5.jpg\" data-no-retina>\n<!--\n\t\t\t\t\t\t\t--><rs-layer\n\t\t\t\t\t\t\t\tid=\"slider-13-slide-38-layer-1\" \n\t\t\t\t\t\t\t\tdata-type=\"text\"\n\t\t\t\t\t\t\t\tdata-color=\"rgba(0,17,81,1)\"\n\t\t\t\t\t\t\t\tdata-rsp_ch=\"on\"\n\t\t\t\t\t\t\t\tdata-xy=\"x:44px;y:29px;\"\n\t\t\t\t\t\t\t\tdata-text=\"s:20;l:22;fw:900;\"\n\t\t\t\t\t\t\t\tdata-frame_0=\"x:left;o:1;tp:600;\"\n\t\t\t\t\t\t\t\tdata-frame_1=\"tp:600;e:power2.inOut;st:500;sp:1200;\"\n\t\t\t\t\t\t\t\tdata-frame_999=\"y:-50px;o:0;tp:600;st:8800;sp:500;\"\n\t\t\t\t\t\t\t\tstyle=\"z-index:5;font-family:'';\"\n\t\t\t\t\t\t\t>NOTRE METIER:\u00a0 Accompagner l\u2019\u00e9volution de vos besoins  \n\t\t\t\t\t\t\t<\/rs-layer><!--\n\n\t\t\t\t\t\t\t--><rs-layer\n\t\t\t\t\t\t\t\tid=\"slider-13-slide-38-layer-2\" \n\t\t\t\t\t\t\t\tdata-type=\"text\"\n\t\t\t\t\t\t\t\tdata-color=\"rgba(0,17,81,1)\"\n\t\t\t\t\t\t\t\tdata-rsp_ch=\"on\"\n\t\t\t\t\t\t\t\tdata-xy=\"x:107px;y:57px;\"\n\t\t\t\t\t\t\t\tdata-text=\"l:22;fw:900;\"\n\t\t\t\t\t\t\t\tdata-frame_0=\"x:left;o:1;tp:600;\"\n\t\t\t\t\t\t\t\tdata-frame_1=\"tp:600;e:power2.inOut;st:500;sp:1200;\"\n\t\t\t\t\t\t\t\tdata-frame_999=\"y:-50px;o:0;tp:600;st:8800;sp:500;\"\n\t\t\t\t\t\t\t\tstyle=\"z-index:6;font-family:'';\"\n\t\t\t\t\t\t\t>logistiques\u00a0 par un service professionnel \n\t\t\t\t\t\t\t<\/rs-layer><!--\n-->\t\t\t\t\t<\/rs-slide>\n\t\t\t\t\t\t<rs-slide style=\"position: absolute;\" data-key=\"rs-34\" data-title=\"Slide\" data-thumb=\"\/\/alm-logistics.com\/wp-content\/uploads\/2016\/09\/aeroportalm-100x50.jpg\" data-duration=\"3000\" data-anim=\"adpr:false;\">\n\t\t\t\t\t\t\t<img decoding=\"async\" src=\"\/\/alm-logistics.com\/wp-content\/plugins\/revslider\/sr6\/assets\/assets\/dummy.png\" alt=\"\" title=\"ACCUEL\" class=\"rev-slidebg tp-rs-img rs-lazyload\" data-lazyload=\"\/\/alm-logistics.com\/wp-content\/uploads\/2016\/09\/aeroportalm.jpg\" data-no-retina>\n<!--\n\t\t\t\t\t\t\t--><rs-layer\n\t\t\t\t\t\t\t\tid=\"slider-13-slide-34-layer-1\" \n\t\t\t\t\t\t\t\tdata-type=\"text\"\n\t\t\t\t\t\t\t\tdata-color=\"rgba(1,43,135,1)\"\n\t\t\t\t\t\t\t\tdata-rsp_ch=\"on\"\n\t\t\t\t\t\t\t\tdata-xy=\"x:69px;y:30px;\"\n\t\t\t\t\t\t\t\tdata-text=\"s:20;l:22;fw:900;\"\n\t\t\t\t\t\t\t\tdata-frame_0=\"y:-50px;tp:600;\"\n\t\t\t\t\t\t\t\tdata-frame_1=\"tp:600;e:power2.inOut;st:500;\"\n\t\t\t\t\t\t\t\tdata-frame_999=\"y:bottom;tp:600;e:power3.out;st:w;\"\n\t\t\t\t\t\t\t\tstyle=\"z-index:5;font-family:'';\"\n\t\t\t\t\t\t\t><div class=\"consulting-rev-text-riv2\"> Nous offrons un service \u2018\u2019 personnalis\u00e9 \u2018\u2019, dynamique et normatif.\n <\/div>\n \n\t\t\t\t\t\t\t<\/rs-layer><!--\n-->\t\t\t\t\t<\/rs-slide>\n\t\t\t\t\t\t<rs-slide style=\"position: absolute;\" data-key=\"rs-35\" data-title=\"Slide\" data-thumb=\"\/\/alm-logistics.com\/wp-content\/uploads\/2016\/09\/alm-slde4-haut-100x50.jpg\" data-duration=\"3000\" data-anim=\"adpr:false;\">\n\t\t\t\t\t\t\t<img decoding=\"async\" src=\"\/\/alm-logistics.com\/wp-content\/plugins\/revslider\/sr6\/assets\/assets\/dummy.png\" alt=\"\" title=\"ACCUEL\" class=\"rev-slidebg tp-rs-img rs-lazyload\" data-lazyload=\"\/\/alm-logistics.com\/wp-content\/uploads\/2016\/09\/alm-slde4-haut.jpg\" data-no-retina>\n<!--\n\t\t\t\t\t\t\t--><rs-layer\n\t\t\t\t\t\t\t\tid=\"slider-13-slide-35-layer-1\" \n\t\t\t\t\t\t\t\tdata-type=\"text\"\n\t\t\t\t\t\t\t\tdata-color=\"rgba(1,82,188,1)\"\n\t\t\t\t\t\t\t\tdata-rsp_ch=\"on\"\n\t\t\t\t\t\t\t\tdata-xy=\"x:72px;y:54px;\"\n\t\t\t\t\t\t\t\tdata-text=\"s:20;l:22;fw:900;\"\n\t\t\t\t\t\t\t\tdata-frame_0=\"y:bottom;sX:2;sY:2;o:1;rZ:90deg;tp:600;\"\n\t\t\t\t\t\t\t\tdata-frame_1=\"tp:600;st:500;sp:1500;\"\n\t\t\t\t\t\t\t\tdata-frame_999=\"y:-50px;o:0;tp:600;e:nothing;st:w;\"\n\t\t\t\t\t\t\t\tstyle=\"z-index:5;font-family:'';\"\n\t\t\t\t\t\t\t><div class=\"consulting-rev-text-riv2\">Nos prestations logistiques\u00a0 am\u00e9liorent votre  <\/div>\n              \n \n\t\t\t\t\t\t\t<\/rs-layer><!--\n\n\t\t\t\t\t\t\t--><rs-layer\n\t\t\t\t\t\t\t\tid=\"slider-13-slide-35-layer-2\" \n\t\t\t\t\t\t\t\tdata-type=\"text\"\n\t\t\t\t\t\t\t\tdata-color=\"rgba(1,82,188,1)\"\n\t\t\t\t\t\t\t\tdata-rsp_ch=\"on\"\n\t\t\t\t\t\t\t\tdata-xy=\"x:106px;y:79px;\"\n\t\t\t\t\t\t\t\tdata-text=\"l:22;fw:900;\"\n\t\t\t\t\t\t\t\tdata-frame_0=\"y:bottom;sX:2;sY:2;o:1;rZ:90deg;tp:600;\"\n\t\t\t\t\t\t\t\tdata-frame_1=\"tp:600;st:500;sp:1500;\"\n\t\t\t\t\t\t\t\tdata-frame_999=\"y:-50px;o:0;tp:600;e:nothing;st:w;\"\n\t\t\t\t\t\t\t\tstyle=\"z-index:6;font-family:'';\"\n\t\t\t\t\t\t\t><div class=\"consulting-rev-text-riv2\">comp\u00e9titivit\u00e9 et votre rentabilit\u00e9. <\/div> \n\t\t\t\t\t\t\t<\/rs-layer><!--\n-->\t\t\t\t\t<\/rs-slide>\n\t\t\t\t\t\t<rs-slide style=\"position: absolute;\" data-key=\"rs-36\" data-title=\"Slide\" data-thumb=\"\/\/alm-logistics.com\/wp-content\/uploads\/2016\/08\/alm-slide--100x50.jpg\" data-anim=\"adpr:false;\">\n\t\t\t\t\t\t\t<img decoding=\"async\" src=\"\/\/alm-logistics.com\/wp-content\/plugins\/revslider\/sr6\/assets\/assets\/dummy.png\" alt=\"\" title=\"ACCUEL\" class=\"rev-slidebg tp-rs-img rs-lazyload\" data-lazyload=\"\/\/alm-logistics.com\/wp-content\/uploads\/2016\/08\/alm-slide-.jpg\" data-no-retina>\n<!--\n\t\t\t\t\t\t\t--><rs-layer\n\t\t\t\t\t\t\t\tid=\"slider-13-slide-36-layer-1\" \n\t\t\t\t\t\t\t\tdata-type=\"text\"\n\t\t\t\t\t\t\t\tdata-color=\"rgba(244,244,244,1)\"\n\t\t\t\t\t\t\t\tdata-rsp_ch=\"on\"\n\t\t\t\t\t\t\t\tdata-xy=\"x:365px;y:129px;\"\n\t\t\t\t\t\t\t\tdata-text=\"l:22;fw:900;\"\n\t\t\t\t\t\t\t\tdata-frame_0=\"x:left;o:1;skX:45px;tp:600;\"\n\t\t\t\t\t\t\t\tdata-frame_1=\"tp:600;e:power2.inOut;st:500;sp:1000;\"\n\t\t\t\t\t\t\t\tdata-frame_999=\"x:-50px;o:0;tp:600;e:nothing;st:8500;sp:800;\"\n\t\t\t\t\t\t\t\tstyle=\"z-index:5;font-family:'';\"\n\t\t\t\t\t\t\t>La solution logistique sur mesure \u2026\u2026\n \n\t\t\t\t\t\t\t<\/rs-layer><!--\n\n\t\t\t\t\t\t\t--><rs-layer\n\t\t\t\t\t\t\t\tid=\"slider-13-slide-36-layer-2\" \n\t\t\t\t\t\t\t\tdata-type=\"text\"\n\t\t\t\t\t\t\t\tdata-color=\"rgba(244,244,244,1)\"\n\t\t\t\t\t\t\t\tdata-rsp_ch=\"on\"\n\t\t\t\t\t\t\t\tdata-xy=\"x:370px;y:159px;\"\n\t\t\t\t\t\t\t\tdata-text=\"l:22;fw:900;\"\n\t\t\t\t\t\t\t\tdata-frame_0=\"x:left;o:1;skX:45px;tp:600;\"\n\t\t\t\t\t\t\t\tdata-frame_1=\"tp:600;e:power2.inOut;st:500;sp:1000;\"\n\t\t\t\t\t\t\t\tdata-frame_999=\"x:-50px;o:0;tp:600;e:nothing;st:8500;sp:800;\"\n\t\t\t\t\t\t\t\tstyle=\"z-index:6;font-family:'';\"\n\t\t\t\t\t\t\t>\u00a0\u00a0\u00a0\u00a0 \u00a0\u00a0\u00a0\u00a0\u00a0\u00a0\u00a0\u00a0\u00a0\u00a0\u00a0\u00a0\u2018\u2019\u00a0La solution personnalis\u00e9e \u2018\u2019\n\n\n \n\t\t\t\t\t\t\t<\/rs-layer><!--\n-->\t\t\t\t\t<\/rs-slide>\n\t\t\t\t\t\t<rs-slide style=\"position: absolute;\" data-key=\"rs-39\" data-title=\"Slide\" data-thumb=\"\/\/alm-logistics.com\/wp-content\/uploads\/2016\/09\/alm-slde7-100x50.jpg\" data-anim=\"adpr:false;\">\n\t\t\t\t\t\t\t<img decoding=\"async\" src=\"\/\/alm-logistics.com\/wp-content\/plugins\/revslider\/sr6\/assets\/assets\/dummy.png\" alt=\"\" title=\"ACCUEL\" class=\"rev-slidebg tp-rs-img rs-lazyload\" data-lazyload=\"\/\/alm-logistics.com\/wp-content\/uploads\/2016\/09\/alm-slde7.jpg\" data-no-retina>\n<!--\n\t\t\t\t\t\t\t--><rs-layer\n\t\t\t\t\t\t\t\tid=\"slider-13-slide-39-layer-1\" \n\t\t\t\t\t\t\t\tdata-type=\"text\"\n\t\t\t\t\t\t\t\tdata-color=\"rgba(0,49,147,1)\"\n\t\t\t\t\t\t\t\tdata-rsp_ch=\"on\"\n\t\t\t\t\t\t\t\tdata-xy=\"x:169px;y:67px;\"\n\t\t\t\t\t\t\t\tdata-text=\"l:22;fw:900;\"\n\t\t\t\t\t\t\t\tdata-frame_0=\"y:-50px;tp:600;\"\n\t\t\t\t\t\t\t\tdata-frame_1=\"tp:600;e:power2.inOut;st:500;sp:1500;\"\n\t\t\t\t\t\t\t\tdata-frame_999=\"y:-50px;o:0;tp:600;e:nothing;st:8700;sp:600;\"\n\t\t\t\t\t\t\t\tstyle=\"z-index:5;font-family:'';\"\n\t\t\t\t\t\t\t>Emballage et d\u00e9m\u00e9nagement \n\t\t\t\t\t\t\t<\/rs-layer><!--\n-->\t\t\t\t\t<\/rs-slide>\n\t\t\t\t\t\t<rs-slide style=\"position: absolute;\" data-key=\"rs-37\" data-title=\"Slide\" data-thumb=\"\/\/alm-logistics.com\/wp-content\/uploads\/2016\/09\/associe-alm-100x50.jpg\" data-anim=\"adpr:false;\">\n\t\t\t\t\t\t\t<img decoding=\"async\" src=\"\/\/alm-logistics.com\/wp-content\/plugins\/revslider\/sr6\/assets\/assets\/dummy.png\" alt=\"\" title=\"ACCUEL\" class=\"rev-slidebg tp-rs-img rs-lazyload\" data-lazyload=\"\/\/alm-logistics.com\/wp-content\/uploads\/2016\/09\/associe-alm.jpg\" data-no-retina>\n<!---->\t\t\t\t\t<\/rs-slide>\n\t\t\t\t\t<\/rs-slides>\n\t\t\t\t<\/rs-module>\n\t\t\t\t<script>\n\t\t\t\t\tsetREVStartSize({c: 'rev_slider_13_1',rl:[1240,1024,778,480],el:[],gw:[1170],gh:[450],type:'standard',justify:'',layout:'fullwidth',mh:\"0\"});if (window.RS_MODULES!==undefined && window.RS_MODULES.modules!==undefined && window.RS_MODULES.modules[\"revslider131\"]!==undefined) {window.RS_MODULES.modules[\"revslider131\"].once = false;window.revapi13 = undefined;if (window.RS_MODULES.checkMinimal!==undefined) window.RS_MODULES.checkMinimal()}\n\t\t\t\t<\/script>\n\t\t\t<\/rs-module-wrap>\n\t\t\t<!-- END REVOLUTION SLIDER -->\n[\/vc_column][\/vc_row][vc_row full_width=\u00a0\u00bbstretch_row_content_no_spaces\u00a0\u00bb][vc_column][vc_text_separator title=\u00a0\u00bbBIENVENUE A AFRICA LOGISTICS &amp; MARINE \u00a0\u00bb color=\u00a0\u00bbgreen\u00a0\u00bb border_width=\u00a0\u00bb3&Prime;][\/vc_column][\/vc_row][vc_row css=\u00a0\u00bb.vc_custom_1470381225593{margin-top: 0px !important;margin-bottom: 0px !important;padding-top: 5px !important;padding-bottom: 5px !important;}\u00a0\u00bb][vc_column width=\u00a0\u00bb2\/3&Prime; css=\u00a0\u00bb.vc_custom_1470973368133{margin-top: -10px !important;margin-bottom: -10px !important;padding-top: 5px !important;padding-bottom: 5px !important;}\u00a0\u00bb][vc_column_text el_class=\u00a0\u00bbtexte_welcome\u00a0\u00bb css=\u00a0\u00bb.vc_custom_1476264864769{margin-top: 0px !important;}\u00a0\u00bb]<\/p>\n<table>\n<tbody>\n<tr>\n<td><span style=\"color: #000000;\"><strong>Africa Logistics &amp; Marine <\/strong>est\u00a0 fond\u00e9 sur plusieurs \u00a0ann\u00e9es\u00a0 d\u2019exp\u00e9rience\u00a0 dans le domaine du shipping , de la logistique <strong>et du transit<\/strong> en Afrique de l\u2019 <strong>Ouest<\/strong>. <\/span><br \/>\n<span style=\"color: #000000;\"><strong>ALM :\u00a0<\/strong> Une plate-forme <strong>d\u00e9di\u00e9e aux<\/strong> service<strong>s<\/strong> logistiques personnalis\u00e9<strong>s<\/strong>. <strong>Notre efficacit\u00e9 r\u00e9side dans la c\u00e9l\u00e9rit\u00e9 de r\u00e9ponse aux<\/strong> besoins croissants de nos clients<br \/>\n<\/span><\/td>\n<\/tr>\n<\/tbody>\n<\/table>\n<p>[\/vc_column_text][\/vc_column][vc_column width=\u00a0\u00bb1\/3&Prime; css=\u00a0\u00bb.vc_custom_1470381113682{margin-top: 2px !important;margin-bottom: 2px !important;padding-top: 5px !important;padding-bottom: 5px !important;}\u00a0\u00bb][vc_column_text css=\u00a0\u00bb.vc_custom_1472463812037{margin-top: 0px !important;margin-bottom: 10px !important;}\u00a0\u00bb]<\/p>\n<p style=\"font-size: 16px; text-align: center;\"><strong>NOTRE PARTENAIRE<\/strong><\/p>\n<p>[\/vc_column_text]<div class=\"lshowcase-clear-both\">&nbsp;<\/div><div class=\"lshowcase-logos\"><div  ><div class='lshowcase-wrap-normal ls-partenaire '><div class=\"lshowcase-box-normal\"><div class=\"lshowcase-boxInner-normal\" style=\"width:280px; align:center; text-align:center;\"><a href='http:\/\/les3demenageurs.com\/' target='_blank'><img src='https:\/\/alm-logistics.com\/wp-content\/uploads\/2016\/11\/3Demenageur-150x70.png' width='150'  height = '70'  alt='les3demenageurs' title='' class='lshowcase-boxhighlight' style='height:auto; max-width:110%;padding-top:5;padding-right:5;padding-bottom:5;padding-left:5;' \/><\/a><\/div><\/div><\/div><\/div><\/div><div class=\"lshowcase-clear-both\">&nbsp;<\/div>[\/vc_column][\/vc_row][vc_row full_width=\u00a0\u00bbstretch_row\u00a0\u00bb css=\u00a0\u00bb.vc_custom_1472464054596{margin-top: 10px !important;margin-bottom: 10px !important;padding-top: 5px !important;padding-bottom: 5px !important;background-color: #ededed !important;}\u00a0\u00bb][vc_column][vc_empty_space height=\u00a0\u00bb10px\u00a0\u00bb][vc_row_inner][vc_column_inner el_class=\u00a0\u00bbtexte_color_header\u00a0\u00bb width=\u00a0\u00bb1\/3&Prime;][stm_info_box style=\u00a0\u00bbstyle_6&Prime; css=\u00a0\u00bb.vc_custom_1477084001352{margin-right: -10px !important;margin-bottom: 10px !important;padding-top: 10px !important;padding-right: 5px !important;padding-bottom: 10px !important;padding-left: 5px !important;background-color: #014984 !important;}\u00a0\u00bb]<\/p>\n<table style=\"height: 80px;\">\n<tbody>\n<tr>\n<td>COMMISSIONNAIRE EN DOUANE AGREE<br \/>\nTRANSIT , DEDOUANEMENT &amp; LOGISTIQUE<br \/>\nSHIPPING SERVICES<\/td>\n<\/tr>\n<tr style=\"height: 10px;\">\n<td><\/td>\n<\/tr>\n<\/tbody>\n<\/table>\n<p>[\/stm_info_box][\/vc_column_inner][vc_column_inner el_class=\u00a0\u00bbtexte_color_header\u00a0\u00bb width=\u00a0\u00bb1\/3&Prime;][stm_info_box style=\u00a0\u00bbstyle_6&Prime; css=\u00a0\u00bb.vc_custom_1476266193962{padding-top: 10px !important;padding-right: 5px !important;padding-bottom: -5px !important;padding-left: 5px !important;background-color: #107cc5 !important;}\u00a0\u00bb]<\/p>\n<table style=\"height: 85px;\">\n<tbody>\n<tr>\n<td><em>NOTRE MISSION ET NOTRE VISION L&rsquo;ADEQUATION A VOS AMBITIONS <\/em><\/td>\n<\/tr>\n<\/tbody>\n<\/table>\n<p>[\/stm_info_box][\/vc_column_inner][vc_column_inner el_class=\u00a0\u00bbtexte_color_header\u00a0\u00bb width=\u00a0\u00bb1\/3&Prime; css=\u00a0\u00bb.vc_custom_1470396968203{margin-right: 5px !important;margin-left: -10px !important;padding-right: 5px !important;padding-bottom: 20px !important;}\u00a0\u00bb][stm_info_box style=\u00a0\u00bbstyle_6&Prime; css=\u00a0\u00bb.vc_custom_1472464837303{padding-top: 10px !important;padding-right: 10px !important;padding-bottom: 0px !important;padding-left: 10px !important;background-color: #81d0ff !important;}\u00a0\u00bb]<\/p>\n<table style=\"height: 80px;\">\n<tbody>\n<tr>\n<td style=\"color: #014984;\"><strong>NOS VALEURS FONT NOTRE ENGAGEMENT:<\/strong><\/p>\n<ul>\n<li>Ecoute\/conseils \u2013 Proximit\u00e9 -Respect &#8211; R\u00e9activit\u00e9 \u2013 Professionnalisme<\/li>\n<\/ul>\n<\/td>\n<\/tr>\n<\/tbody>\n<\/table>\n<p>[\/stm_info_box][\/vc_column_inner][\/vc_row_inner][vc_empty_space height=\u00a0\u00bb5px\u00a0\u00bb][vc_row_inner][vc_column_inner el_class=\u00a0\u00bbtexte_color_header\u00a0\u00bb width=\u00a0\u00bb1\/2&Prime;][stm_info_box style=\u00a0\u00bbstyle_6&Prime; css=\u00a0\u00bb.vc_custom_1476266372650{margin-right: -10px !important;padding-top: 10px !important;padding-right: 10px !important;padding-bottom: 10px !important;padding-left: 10px !important;background-color: #bfddf5 !important;}\u00a0\u00bb]<\/p>\n<table style=\"height: 160px;\">\n<tbody>\n<tr>\n<td style=\"color: #014984;\"><strong> NOS SERVICES:<\/strong><\/p>\n<ul>\n<li>DEDOUANEMENT, TRANSIT &amp; LOGISTIQUE<\/li>\n<li>LOGISTIQUE DES PROJETS<\/li>\n<li>CONSIGNATION &amp; SERVICES MARITIME<\/li>\n<li>CONSULTATION ET REPRESENTATION<\/li>\n<\/ul>\n<\/td>\n<\/tr>\n<tr style=\"height: 140px;\">\n<td><\/td>\n<\/tr>\n<\/tbody>\n<\/table>\n<p>[\/stm_info_box][\/vc_column_inner][vc_column_inner el_class=\u00a0\u00bbtexte_color_header\u00a0\u00bb width=\u00a0\u00bb1\/2&Prime;][stm_info_box style=\u00a0\u00bbstyle_6&Prime; css=\u00a0\u00bb.vc_custom_1476265921540{padding-top: 10px !important;padding-right: 10px !important;padding-bottom: 10px !important;padding-left: 10px !important;background-color: #7ec14d !important;}\u00a0\u00bb]<\/p>\n<table style=\"height: 80px;\">\n<tbody>\n<tr>\n<td><strong>NOS SOLUTIONS INTEGRETEES :<\/strong><\/p>\n<ul>\n<li>DEDOUANEMENT IMPORT EXPORT<\/li>\n<li>ORGANISATION DE TRANSPORT<\/li>\n<li>LE DEMENAGEMENT<\/li>\n<li>REACHEMINEMENT SUR PAYS ENCLAVES ET EXTRA FRONTIERES<\/li>\n<li>LIVRAISON PIECES ET MATERIELS SUR NAVIRES<\/li>\n<li>MATERIELS POUR PROJETS ET CARGAISON SPECIAUX<\/li>\n<li>DEDOUANEMENT &amp; DOCUMENTATION PRODUITS TROPICAUX A L\u2019EXPORT<\/li>\n<\/ul>\n<\/td>\n<\/tr>\n<\/tbody>\n<\/table>\n<p>[\/stm_info_box][\/vc_column_inner][\/vc_row_inner][vc_empty_space height=\u00a0\u00bb10px\u00a0\u00bb][\/vc_column][\/vc_row][vc_row css=\u00a0\u00bb.vc_custom_1470231372829{margin-top: 0px !important;margin-right: 0px !important;margin-bottom: 0px !important;margin-left: 0px !important;border-top-width: 0px !important;border-right-width: 0px !important;border-bottom-width: 0px !important;border-left-width: 0px !important;padding-top: 0px !important;padding-right: 0px !important;padding-bottom: 0px !important;padding-left: 0px !important;}\u00a0\u00bb][vc_column][vc_empty_space height=\u00a0\u00bb30px\u00a0\u00bb][vc_media_grid style=\u00a0\u00bbpagination\u00a0\u00bb items_per_page=\u00a0\u00bb6&Prime; element_width=\u00a0\u00bb2&Prime; gap=\u00a0\u00bb10&Prime; arrows_design=\u00a0\u00bbvc_arrow-icon-arrow_11_left\u00a0\u00bb arrows_position=\u00a0\u00bboutside\u00a0\u00bb initial_loading_animation=\u00a0\u00bbnone\u00a0\u00bb grid_id=\u00a0\u00bbvc_gid:1479703589647-23948782-0014-1&Prime; include=\u00a0\u00bb3698,3702,3701,3700,3699,3697,3696,3695,3694,3692,3691,3690,3689,3688,3687&Prime; css=\u00a0\u00bb.vc_custom_1477070561952{border-top-width: 0px !important;border-right-width: 0px !important;border-bottom-width: 0px !important;border-left-width: 0px !important;padding-top: 0px !important;padding-right: 0px !important;padding-bottom: 0px !important;padding-left: 0px !important;}\u00a0\u00bb][\/vc_column][\/vc_row]<\/p>\n<\/div>","protected":false},"excerpt":{"rendered":"<p>[vc_row full_width=\u00a0\u00bbstretch_row\u00a0\u00bb css=\u00a0\u00bb.vc_custom_1469041173460{margin-top: 1px !important;margin-right: 1px !important;margin-left: 1px !important;border-top-width: 1px !important;border-right-width: 1px !important;border-left-width: 1px !important;padding-top: 1px !important;padding-right: 1px !important;padding-bottom: 1px !important;padding-left: 1px !important;border-left-style: solid !important;border-right-style: solid !important;border-top-style: solid !important;}\u00a0\u00bb][vc_column][\/vc_column][\/vc_row][vc_row full_width=\u00a0\u00bbstretch_row_content_no_spaces\u00a0\u00bb][vc_column][vc_text_separator title=\u00a0\u00bbBIENVENUE A AFRICA LOGISTICS &amp; MARINE \u00a0\u00bb color=\u00a0\u00bbgreen\u00a0\u00bb border_width=\u00a0\u00bb3&Prime;][\/vc_column][\/vc_row][vc_row css=\u00a0\u00bb.vc_custom_1470381225593{margin-top: 0px !important;margin-bottom: 0px !important;padding-top: 5px !important;padding-bottom: 5px !important;}\u00a0\u00bb][vc_column width=\u00a0\u00bb2\/3&Prime; css=\u00a0\u00bb.vc_custom_1470973368133{margin-top: -10px !important;margin-bottom: -10px !important;padding-top: 5px<\/p>\n","protected":false},"author":1,"featured_media":0,"parent":0,"menu_order":0,"comment_status":"closed","ping_status":"closed","template":"","meta":{"footnotes":""},"class_list":["post-1810","page","type-page","status-publish","hentry"],"_links":{"self":[{"href":"https:\/\/alm-logistics.com\/fr\/wp-json\/wp\/v2\/pages\/1810","targetHints":{"allow":["GET"]}}],"collection":[{"href":"https:\/\/alm-logistics.com\/fr\/wp-json\/wp\/v2\/pages"}],"about":[{"href":"https:\/\/alm-logistics.com\/fr\/wp-json\/wp\/v2\/types\/page"}],"author":[{"embeddable":true,"href":"https:\/\/alm-logistics.com\/fr\/wp-json\/wp\/v2\/users\/1"}],"replies":[{"embeddable":true,"href":"https:\/\/alm-logistics.com\/fr\/wp-json\/wp\/v2\/comments?post=1810"}],"version-history":[{"count":31,"href":"https:\/\/alm-logistics.com\/fr\/wp-json\/wp\/v2\/pages\/1810\/revisions"}],"predecessor-version":[{"id":3733,"href":"https:\/\/alm-logistics.com\/fr\/wp-json\/wp\/v2\/pages\/1810\/revisions\/3733"}],"wp:attachment":[{"href":"https:\/\/alm-logistics.com\/fr\/wp-json\/wp\/v2\/media?parent=1810"}],"curies":[{"name":"wp","href":"https:\/\/api.w.org\/{rel}","templated":true}]}}