{"id":1782,"date":"2016-07-14T22:28:22","date_gmt":"2016-07-14T20:28:22","guid":{"rendered":"http:\/\/localhost\/alm4\/fr\/?page_id=1782"},"modified":"2018-02-05T08:43:07","modified_gmt":"2018-02-05T07:43:07","slug":"qui-sommes-nous","status":"publish","type":"page","link":"https:\/\/alm-logistics.com\/fr\/qui-sommes-nous\/","title":{"rendered":"Qui-sommes nous?"},"content":{"rendered":"<div class=\"wpb-content-wrapper\"><p>[vc_row full_width=\u00a0\u00bbstretch_row_content_no_spaces\u00a0\u00bb css=\u00a0\u00bb.vc_custom_1470395403449{margin-top: 0px !important;padding-top: 5px !important;padding-bottom: 5px !important;}\u00a0\u00bb][vc_column css=\u00a0\u00bb.vc_custom_1470327306108{padding-top: 5px !important;padding-bottom: 5px !important;}\u00a0\u00bb][vc_single_image image=\u00a0\u00bb3783&Prime; img_size=\u00a0\u00bbfull\u00a0\u00bb alignment=\u00a0\u00bbcenter\u00a0\u00bb css=\u00a0\u00bb.vc_custom_1481896444974{margin-right: 0px !important;margin-left: 0px !important;}\u00a0\u00bb][\/vc_column][\/vc_row][vc_row full_width=\u00a0\u00bbstretch_row\u00a0\u00bb css=\u00a0\u00bb.vc_custom_1470605678229{padding-top: 10px !important;padding-bottom: 10px !important;}\u00a0\u00bb][vc_column width=\u00a0\u00bb1\/3&Prime; el_class=\u00a0\u00bbtexte_color_header_welcome\u00a0\u00bb][vc_column_text el_class=\u00a0\u00bb.texte_welcome_M\u00a0\u00bb css=\u00a0\u00bb.vc_custom_1476266645212{margin-top: 10px !important;margin-bottom: -5px !important;}\u00a0\u00bb]<\/p>\n<p style=\"font-size: 18px; text-align: justify;\">ALM \u2013 Africa Logistics &amp; Marine est un acteur logistique ind\u00e9pendant op\u00e9rant au B\u00e9nin et dans la sous-r\u00e9gion ouest africaine. Commissionnaire agr\u00e9e en douane au Benin \u2013 Afrique de l\u2019ouest ,<\/p>\n<p>[\/vc_column_text][vc_custom_heading stripe_pos=\u00a0\u00bbhide\u00a0\u00bb text=\u00a0\u00bbNOTRE MISSION\u00a0\u00bb font_container=\u00a0\u00bbtag:h4|text_align:left\u00a0\u00bb subtitle_color=\u00a0\u00bb#000000&Prime; el_class=\u00a0\u00bbtexte_welcome\u00a0\u00bb css=\u00a0\u00bb.vc_custom_1472468880733{margin-bottom: 30px !important;}\u00a0\u00bb][vc_column_text css=\u00a0\u00bb.vc_custom_1476266675884{margin-top: -30px !important;margin-bottom: -15px !important;padding-top: 10px !important;padding-bottom: 10px !important;}\u00a0\u00bb]<\/p>\n<p style=\"font-size: 18px; text-align: justify;\">Offrir \u00e0 nos partenaires et clients, un service logistique professionnel ax\u00e9 sur des solutions personnalis\u00e9es.<\/p>\n<p>[\/vc_column_text][vc_custom_heading stripe_pos=\u00a0\u00bbhide\u00a0\u00bb text=\u00a0\u00bbNOTRE VISION\u00a0\u00bb font_container=\u00a0\u00bbtag:h4|text_align:left\u00a0\u00bb subtitle_color=\u00a0\u00bb#000000&Prime; el_class=\u00a0\u00bbtexte_welcome\u00a0\u00bb css=\u00a0\u00bb.vc_custom_1472468938995{margin-top: -5px !important;margin-bottom: -15px !important;}\u00a0\u00bb][vc_column_text el_class=\u00a0\u00bbtexte_welcome\u00a0\u00bb css=\u00a0\u00bb.vc_custom_1476266719823{margin-top: -5px !important;margin-bottom: -5px !important;}\u00a0\u00bb]<\/p>\n<p style=\"font-size: 18px; text-align: justify;\">Relever le d\u00e9fi d\u2019offrir un service logistique de qualit\u00e9 respectant les normes nationales et internationales et visant une performance maximale dans un environnement africain .<\/p>\n<p>[\/vc_column_text][stm_spacing lg_spacing=\u00a0\u00bb15px\u00a0\u00bb md_spacing=\u00a0\u00bb15px\u00a0\u00bb sm_spacing=\u00a0\u00bb10px\u00a0\u00bb][\/vc_column][vc_column width=\u00a0\u00bb1\/3&Prime; css=\u00a0\u00bb.vc_custom_1480965166869{margin-right: -20px !important;margin-left: -20px !important;}\u00a0\u00bb][vc_single_image image=\u00a0\u00bb3779&Prime; img_size=\u00a0\u00bb300*400&Prime; alignment=\u00a0\u00bbcenter\u00a0\u00bb style=\u00a0\u00bbvc_box_shadow\u00a0\u00bb onclick=\u00a0\u00bblink_image\u00a0\u00bb][\/vc_column][vc_column width=\u00a0\u00bb1\/3&Prime; css=\u00a0\u00bb.vc_custom_1471596516186{margin-bottom: -10px !important;}\u00a0\u00bb][stm_spacing lg_spacing=\u00a0\u00bb40px\u00a0\u00bb md_spacing=\u00a0\u00bb20px\u00a0\u00bb sm_spacing=\u00a0\u00bb10px\u00a0\u00bb][vc_custom_heading stripe_pos=\u00a0\u00bbhide\u00a0\u00bb text=\u00a0\u00bbNOS VALEURS\u00a0\u00bb font_container=\u00a0\u00bbtag:h4|text_align:center\u00a0\u00bb subtitle_color=\u00a0\u00bb#000000&Prime; el_class=\u00a0\u00bbtexte_welcome\u00a0\u00bb css=\u00a0\u00bb.vc_custom_1472470954641{margin-top: 2px !important;margin-bottom: -20px !important;}\u00a0\u00bb][vc_single_image image=\u00a0\u00bb3408&Prime; img_size=\u00a0\u00bbfull\u00a0\u00bb alignment=\u00a0\u00bbcenter\u00a0\u00bb onclick=\u00a0\u00bblink_image\u00a0\u00bb css=\u00a0\u00bb.vc_custom_1472472255681{margin-top: -10px !important;margin-right: -30px !important;margin-bottom: -30px !important;margin-left: -30px !important;}\u00a0\u00bb][\/vc_column][\/vc_row][vc_row full_width=\u00a0\u00bbstretch_row\u00a0\u00bb css=\u00a0\u00bb.vc_custom_1470467136268{background-color: #e8e8e8 !important;}\u00a0\u00bb][vc_column][vc_custom_heading stripe_pos=\u00a0\u00bbhide\u00a0\u00bb text=\u00a0\u00bbNOS VALEURS \u2013 NOS ENGAGEMENTS\u00a0\u00bb font_container=\u00a0\u00bbtag:h4|text_align:left\u00a0\u00bb subtitle_color=\u00a0\u00bb#000000&Prime; el_class=\u00a0\u00bbtexte_welcome\u00a0\u00bb css=\u00a0\u00bb.vc_custom_1472469029046{margin-bottom: -15px !important;}\u00a0\u00bb][vc_column_text]<\/p>\n<p style=\"font-size: 18px;\">Elles sont le reflet de notre ENGAGEMENT pour un service de qualit\u00e9 sup\u00e9rieur,sur mesure : \u2018\u2019Le service personnalis\u00e9\u2019\u2019.<\/p>\n<p>[\/vc_column_text][stm_spacing lg_spacing=\u00a0\u00bb5px\u00a0\u00bb md_spacing=\u00a0\u00bb5px\u00a0\u00bb sm_spacing=\u00a0\u00bb5px\u00a0\u00bb][\/vc_column][\/vc_row][vc_row full_width=\u00a0\u00bbstretch_row\u00a0\u00bb css=\u00a0\u00bb.vc_custom_1470430415591{margin-bottom: 20px !important;padding-bottom: 20px !important;background-color: #e8e8e8 !important;}\u00a0\u00bb el_class=\u00a0\u00bbtexte_color_header\u00a0\u00bb][vc_column width=\u00a0\u00bb1\/4&Prime; el_class=\u00a0\u00bbtexte_color_header\u00a0\u00bb css=\u00a0\u00bb.vc_custom_1471596809672{margin-right: 10px !important;margin-bottom: 0px !important;}\u00a0\u00bb][stm_info_box style=\u00a0\u00bbstyle_6&Prime; css=\u00a0\u00bb.vc_custom_1476268518265{margin-right: 10px !important;margin-bottom: 5px !important;margin-left: -5px !important;padding-top: 5px !important;padding-right: 10px !important;padding-bottom: 5px !important;padding-left: 10px !important;background-color: #004984 !important;}\u00a0\u00bb link=\u00a0\u00bb||\u00a0\u00bb]<\/p>\n<table>\n<tbody>\n<tr>\n<td><strong>ECOUTE ET CONSEILS <\/strong><\/td>\n<\/tr>\n<tr style=\"height: 10px;\">\n<td><\/td>\n<\/tr>\n<tr style=\"height: 130px;\">\n<td>Une \u00e9coute pour une meilleure compr\u00e9hension de vos attentes et de vos exigences. Notre avis de professionnel vous aide \u00e0 anticiper.<\/td>\n<\/tr>\n<tr style=\"height: 90px;\">\n<td><\/td>\n<\/tr>\n<\/tbody>\n<\/table>\n<p>[\/stm_info_box][\/vc_column][vc_column width=\u00a0\u00bb1\/6&Prime; el_class=\u00a0\u00bbtexte_color_header\u00a0\u00bb css=\u00a0\u00bb.vc_custom_1470455564297{margin-right: 0px !important;margin-left: 0px !important;}\u00a0\u00bb][stm_info_box style=\u00a0\u00bbstyle_6&Prime; css=\u00a0\u00bb.vc_custom_1477070752236{margin-right: px !important;margin-bottom: 0px !important;margin-left: -20px !important;border-bottom-width: -10px !important;padding-top: 5px !important;padding-right: 10px !important;padding-bottom: 5px !important;padding-left: 10px !important;background-color: #107cc5 !important;}\u00a0\u00bb]<\/p>\n<table style=\"height: 160px;\" width=\"&quot;737\">\n<tbody>\n<tr>\n<td><strong><span style=\"color: #ffffff;\">PROXIMITE<\/span><\/strong><\/td>\n<\/tr>\n<tr style=\"height: 10px;\">\n<td><\/td>\n<\/tr>\n<tr>\n<td style=\"color: #ffffff;\">Une \u00e9quipe d\u00e9vou\u00e9e proche de vos attentes et besoins.<\/td>\n<\/tr>\n<tr style=\"height: 140px;\">\n<td><\/td>\n<\/tr>\n<\/tbody>\n<\/table>\n<p>[\/stm_info_box][\/vc_column][vc_column width=\u00a0\u00bb1\/6&Prime; el_class=\u00a0\u00bbtexte_color_header\u00a0\u00bb css=\u00a0\u00bb.vc_custom_1470456711981{margin-left: 0px !important;border-right-width: 0px !important;padding-right: 5px !important;padding-left: 5px !important;}\u00a0\u00bb][stm_info_box style=\u00a0\u00bbstyle_6&Prime; css=\u00a0\u00bb.vc_custom_1476268766410{margin-right: -10px !important;margin-left: 0px !important;padding-top: 5px !important;padding-right: 10px !important;padding-bottom: 5px !important;padding-left: 10px !important;background-color: #3f9ce6 !important;}\u00a0\u00bb]<\/p>\n<table style=\"height: 160px;\" width=\"&quot;737\">\n<tbody>\n<tr>\n<td><strong><span style=\"color: #014984;\">REACTIVITE<\/span><\/strong><\/td>\n<\/tr>\n<tr style=\"height: 10px;\">\n<td><\/td>\n<\/tr>\n<tr>\n<td><span style=\"color: #014984;\">Une communication fluide et soutenue, une promptitude d\u2019action ais\u00e9e pour des solutions fiables et adapt\u00e9es dans le temps et l\u2019espace.<\/span><\/td>\n<\/tr>\n<tr style=\"height: 60px;\">\n<td><\/td>\n<\/tr>\n<\/tbody>\n<\/table>\n<p>[\/stm_info_box][\/vc_column][vc_column width=\u00a0\u00bb1\/4&Prime; el_class=\u00a0\u00bbtexte_color_header\u00a0\u00bb][stm_info_box style=\u00a0\u00bbstyle_6&Prime; css=\u00a0\u00bb.vc_custom_1476266992207{margin-left: 10px !important;padding-top: 5px !important;padding-right: 15px !important;padding-bottom: 5px !important;padding-left: 15px !important;background-color: #bfddf5 !important;}\u00a0\u00bb]<\/p>\n<table style=\"height: 160px;\" width=\"&quot;737\">\n<tbody>\n<tr>\n<td><strong><span style=\"color: #014984;\">RESPECT<\/span><\/strong><\/td>\n<\/tr>\n<tr style=\"height: 10px;\">\n<td><\/td>\n<\/tr>\n<tr>\n<td><span style=\"color: #014984;\">Nous respectons nos engagements, vos d\u00e9lais, vos contraintes, vos marchandises, . . . vos attentes.<\/span><br \/>\n<span style=\"color: #014984;\">Nous respectons la r\u00e8glementation et les cadres normatifs institutionnels.<\/span><\/td>\n<\/tr>\n<\/tbody>\n<tbody>\n<tr style=\"height: 5px;\">\n<td><\/td>\n<\/tr>\n<\/tbody>\n<\/table>\n<p>[\/stm_info_box][\/vc_column][vc_column width=\u00a0\u00bb1\/6&Prime; el_class=\u00a0\u00bbtexte_color_header\u00a0\u00bb css=\u00a0\u00bb.vc_custom_1470459039522{margin-top: 0px !important;margin-right: -15px !important;margin-bottom: 10px !important;margin-left: -10px !important;}\u00a0\u00bb][stm_info_box style=\u00a0\u00bbstyle_6&Prime; css=\u00a0\u00bb.vc_custom_1476267936324{margin-right: -50px !important;margin-bottom: -5px !important;padding-top: 5px !important;padding-right: 10px !important;padding-bottom: 30px !important;padding-left: 10px !important;background-color: #7ec14d !important;}\u00a0\u00bb link=\u00a0\u00bb||\u00a0\u00bb]<\/p>\n<table style=\"height: 160px;\" width=\"&quot;737\">\n<tbody>\n<tr>\n<td><span style=\"color: #ffffff;\"><strong>PROFESSIONALISME<\/strong><\/span><\/td>\n<\/tr>\n<tr style=\"height: 10px;\">\n<td><\/td>\n<\/tr>\n<tr>\n<td><span style=\"color: #ffffff;\">Nous demeurons le professionnel \u00e0 qui vous faites confiance. <\/span><\/td>\n<\/tr>\n<tr style=\"height: 130px;\">\n<td><\/td>\n<\/tr>\n<\/tbody>\n<\/table>\n<p>[\/stm_info_box][\/vc_column][\/vc_row]<\/p>\n<\/div>","protected":false},"excerpt":{"rendered":"<p>[vc_row full_width=\u00a0\u00bbstretch_row_content_no_spaces\u00a0\u00bb css=\u00a0\u00bb.vc_custom_1470395403449{margin-top: 0px !important;padding-top: 5px !important;padding-bottom: 5px !important;}\u00a0\u00bb][vc_column css=\u00a0\u00bb.vc_custom_1470327306108{padding-top: 5px !important;padding-bottom: 5px !important;}\u00a0\u00bb][vc_single_image image=\u00a0\u00bb3783&Prime; img_size=\u00a0\u00bbfull\u00a0\u00bb alignment=\u00a0\u00bbcenter\u00a0\u00bb css=\u00a0\u00bb.vc_custom_1481896444974{margin-right: 0px !important;margin-left: 0px !important;}\u00a0\u00bb][\/vc_column][\/vc_row][vc_row full_width=\u00a0\u00bbstretch_row\u00a0\u00bb css=\u00a0\u00bb.vc_custom_1470605678229{padding-top: 10px !important;padding-bottom: 10px !important;}\u00a0\u00bb][vc_column width=\u00a0\u00bb1\/3&Prime; el_class=\u00a0\u00bbtexte_color_header_welcome\u00a0\u00bb][vc_column_text el_class=\u00a0\u00bb.texte_welcome_M\u00a0\u00bb css=\u00a0\u00bb.vc_custom_1476266645212{margin-top: 10px !important;margin-bottom: -5px !important;}\u00a0\u00bb] ALM \u2013 Africa Logistics &amp; Marine est un acteur logistique ind\u00e9pendant op\u00e9rant au B\u00e9nin et dans la sous-r\u00e9gion ouest<\/p>\n","protected":false},"author":1,"featured_media":0,"parent":0,"menu_order":0,"comment_status":"closed","ping_status":"closed","template":"","meta":{"footnotes":""},"class_list":["post-1782","page","type-page","status-publish","hentry"],"_links":{"self":[{"href":"https:\/\/alm-logistics.com\/fr\/wp-json\/wp\/v2\/pages\/1782","targetHints":{"allow":["GET"]}}],"collection":[{"href":"https:\/\/alm-logistics.com\/fr\/wp-json\/wp\/v2\/pages"}],"about":[{"href":"https:\/\/alm-logistics.com\/fr\/wp-json\/wp\/v2\/types\/page"}],"author":[{"embeddable":true,"href":"https:\/\/alm-logistics.com\/fr\/wp-json\/wp\/v2\/users\/1"}],"replies":[{"embeddable":true,"href":"https:\/\/alm-logistics.com\/fr\/wp-json\/wp\/v2\/comments?post=1782"}],"version-history":[{"count":40,"href":"https:\/\/alm-logistics.com\/fr\/wp-json\/wp\/v2\/pages\/1782\/revisions"}],"predecessor-version":[{"id":3792,"href":"https:\/\/alm-logistics.com\/fr\/wp-json\/wp\/v2\/pages\/1782\/revisions\/3792"}],"wp:attachment":[{"href":"https:\/\/alm-logistics.com\/fr\/wp-json\/wp\/v2\/media?parent=1782"}],"curies":[{"name":"wp","href":"https:\/\/api.w.org\/{rel}","templated":true}]}}